{"id":34517,"date":"2025-07-28T16:01:23","date_gmt":"2025-07-28T14:01:23","guid":{"rendered":"https:\/\/www.wendelgroup.com\/about-us\/portefeuille-au-nominatif-pur\/"},"modified":"2025-09-25T17:16:21","modified_gmt":"2025-09-25T15:16:21","slug":"direct-registered-portfolio","status":"publish","type":"page","link":"https:\/\/www.wendelgroup.com\/en\/about-us\/direct-registered-portfolio\/","title":{"rendered":"Direct registered portfolio"},"content":{"rendered":"<div\n    data-observer=\"item\"\n    data-animation-type=\"fade\"\n    class=\"module module-cover small\"\n>\n        <div class=\"module-content\">\n        <div class=\"background\">\n            <img decoding=\"async\"\n                src=\"\"\n                alt=\"\"\n            \/>\n        <\/div>\n                <div class=\"grid\">\n            <div class=\"row r-1\">\n                <div class=\"column-10\">\n                    <div class=\"title\">\n                        <h1>Direct registered portfolio<\/h1>\n                                            <\/div>\n                <\/div>\n            <\/div>\n        <\/div>\n    <\/div>\n<\/div>\n\n\n<div\n    data-observer=\"item\"\n    data-animation-type=\"fade\"\n    class=\"module module-introduction with-margin-top- no-padding- add-bottom-padding-\"\n>\n    <div class=\"module-content\">\n        <div class=\"grid\">\n            <div class=\"row r-1\">\n                <div class=\"column-10\">\n                    <p>As a direct registered shareholder of Wendel, you are eligible for special services: a website dedicated to management of your portfolio as well as a hotline, fast access to information and easier transmission of orders.<\/p>\n\n                <\/div>\n            <\/div>\n        <\/div>\n    <\/div>\n<\/div>\n\n\n<div data-observer=\"item\" data-animation-type=\"fade\" class=\"module module-accordion with-margin-top- no-padding- add-bottom-padding-\" data-module-accordion>\n    <div class=\"module-content\">\n        <div class=\"grid\">\n            <div class=\"row r-1\">\n                                                <div class=\"column-12\">\n                                            <div class=\"accordion-item active \" data-accordion=\"item\">\n                            <div class=\"accordion-item__head\">Viewing and managing your direct registered portfolio<\/div>\n                            <div class=\"accordion-item__content\">\n                                <div class=\"accordion-item__content-inner\">\n                                    \n                                                                                    <div class=\"text-content\">\n                                                <p>To view and manage your direct registered accounts, Soci\u00e9t\u00e9 G\u00e9n\u00e9rale \u2013 Securities Services offers:<\/p>\n<ul>\n<li>a voice server: <strong>NOMILIA<\/strong> available by calling:<br \/>\n<strong>+33 (0)2 51 85 67 89 <\/strong>;<\/li>\n<li>a website: <strong>SHARINBOX<\/strong> available at <a href=\"http:\/\/sharinbox.societegenerale.com\" target=\"_blank\" rel=\"noopener\"><strong>sharinbox.societegenerale.com<\/strong><\/a>.<\/li>\n<\/ul>\n\n                                            <\/div>\n                                        \n                                        \n                                        \n                                                                    <\/div>\n                            <\/div>\n                        <\/div>\n                                    <\/div>\n            <\/div>\n        <\/div>\n    <\/div>\n<\/div>\n\n<div\n    data-observer=\"item\"\n    data-animation-type=\"fade\"\n    class=\"module module-text with-margin-top- no-padding- add-bottom-padding- is-center-1\"\n>\n    <div class=\"module-content\">\n        <div class=\"grid\">\n            <div class=\"row r-1\">\n                <div class=\"column-8\">\n                    <div class=\"text-content\">\n                        <h3>Nomilia<\/h3>\n<p><strong>A voice server for consulting your portfolio by telephone, accessible in six languages, available 24 hours a day, 7 days a week.<\/strong><\/p>\n<p>You can use this voice server for the following puroposes:<\/p>\n<ul>\n<li>be connected with a teleoperator for information Monday to Friday from 8:30 a.m. to 6:00 p.m. (French time);<\/li>\n<li>obtain the balance and the most recent activity in your securities account;<\/li>\n<li>obtain personalized information;<\/li>\n<li>send orders.<\/li>\n<\/ul>\n\n                    <\/div>\n                <\/div>\n            <\/div>\n        <\/div>\n    <\/div>\n<\/div>\n\n\n<div\n    data-observer=\"item\"\n    data-animation-type=\"fade\"\n    class=\"module module-text with-margin-top- no-padding- add-bottom-padding- is-center-1\"\n>\n    <div class=\"module-content\">\n        <div class=\"grid\">\n            <div class=\"row r-1\">\n                <div class=\"column-8\">\n                    <div class=\"text-content\">\n                        <h3>Sharinbox<\/h3>\n<p>Available in six languages, the website allows you to:<\/p>\n<ul>\n<li>\u00a0view the activity and balance of your securities account;<\/li>\n<li>download information and account management documents;<\/li>\n<li>send stock exchange orders and track their execution;<\/li>\n<li>view the voting rights attached to your shares;<\/li>\n<li>communicate with Soci\u00e9t\u00e9 G\u00e9n\u00e9rale via messaging;<\/li>\n<li>change your personal details (bank details, postal address).<\/li>\n<\/ul>\n<p>&nbsp;<\/p>\n<h4><strong>Connecting to SHARINBOX<\/strong><\/h4>\n<p><strong>You have already activated your account<\/strong>: You have activated your Sharinbox account by setting up a login email address as your username. To log in, click on the \u201cLog in\u201d button after clicking on \u201cAccess your account\u201d and enter your login email address and the password you set when activating your account.<\/p>\n<p><strong>You have not yet activated your account<\/strong>: Your access code (8 digits) appears on the access code letter sent to you by mail (you can also find this information on your SGSS statements received before June 24, 2022). Your password (6 digits) was sent to you by mail or email when you first contacted SGSS, and you had to personalize it when you first logged in. If you do not have this information, go to Sharinbox and click on \u201cActivate your account\u201d on the home screen, then on the \u201cForgotten password\u201d or \u201cForgotten access code\u201d link, and follow the procedure indicated.<\/p>\n\n                    <\/div>\n                <\/div>\n            <\/div>\n        <\/div>\n    <\/div>\n<\/div>\n\n\n<div\n    data-observer=\"item\"\n    data-animation-type=\"fade\"\n    class=\"module module-text with-margin-top- no-padding- add-bottom-padding- is-center-1\"\n>\n    <div class=\"module-content\">\n        <div class=\"grid\">\n            <div class=\"row r-1\">\n                <div class=\"column-8\">\n                    <div class=\"text-content\">\n                        <h3>Mail<\/h3>\n<p>You can also send your orders to Soci\u00e9t\u00e9 G\u00e9n\u00e9rale using a paper form, by mail to: <strong>Soci\u00e9t\u00e9 G\u00e9n\u00e9rale Securities Services SGSS\/SBO\/ISS\/RSC 32, rue du Champ-de-Tir \u2013 CS 30812 \u2013 44308 Nantes Cedex 3<\/strong>.<\/p>\n<p>You can obtain this form on the public page of the Sharinbox website: SHAREHOLDERS menu, Understanding Share Ownership section, then click on How to Become a Shareholder.<\/p>\n\n                    <\/div>\n                <\/div>\n            <\/div>\n        <\/div>\n    <\/div>\n<\/div>\n\n\n<div data-observer=\"item\" data-animation-type=\"fade\" class=\"module module-accordion with-margin-top- no-padding- add-bottom-padding-1\" data-module-accordion>\n    <div class=\"module-content\">\n        <div class=\"grid\">\n            <div class=\"row r-1\">\n                                                <div class=\"column-12\">\n                                            <div class=\"accordion-item active \" data-accordion=\"item\">\n                            <div class=\"accordion-item__head\">Note<\/div>\n                            <div class=\"accordion-item__content\">\n                                <div class=\"accordion-item__content-inner\">\n                                    \n                                                                                    <div class=\"text-content\">\n                                                <p>In order to send you your payments, Soci\u00e9t\u00e9 G\u00e9n\u00e9rale must have (i) your bank details and (ii) proof of your identity and address. Please remember to provide and\/or update this information.<\/p>\n\n                                            <\/div>\n                                        \n                                        \n                                        \n                                                                    <\/div>\n                            <\/div>\n                        <\/div>\n                                    <\/div>\n            <\/div>\n        <\/div>\n    <\/div>\n<\/div>\n\n\n<p><\/p>\n","protected":false},"excerpt":{"rendered":"","protected":false},"author":17,"featured_media":0,"parent":8721,"menu_order":35,"comment_status":"closed","ping_status":"closed","template":"","meta":{"_acf_changed":false,"_seopress_robots_primary_cat":"","_seopress_titles_title":"","_seopress_titles_desc":"","_seopress_robots_index":"","footnotes":""},"class_list":["post-34517","page","type-page","status-publish","hentry"],"acf":[],"_links":{"self":[{"href":"https:\/\/www.wendelgroup.com\/en\/wp-json\/wp\/v2\/pages\/34517","targetHints":{"allow":["GET"]}}],"collection":[{"href":"https:\/\/www.wendelgroup.com\/en\/wp-json\/wp\/v2\/pages"}],"about":[{"href":"https:\/\/www.wendelgroup.com\/en\/wp-json\/wp\/v2\/types\/page"}],"author":[{"embeddable":true,"href":"https:\/\/www.wendelgroup.com\/en\/wp-json\/wp\/v2\/users\/17"}],"replies":[{"embeddable":true,"href":"https:\/\/www.wendelgroup.com\/en\/wp-json\/wp\/v2\/comments?post=34517"}],"version-history":[{"count":0,"href":"https:\/\/www.wendelgroup.com\/en\/wp-json\/wp\/v2\/pages\/34517\/revisions"}],"up":[{"embeddable":true,"href":"https:\/\/www.wendelgroup.com\/en\/wp-json\/wp\/v2\/pages\/8721"}],"wp:attachment":[{"href":"https:\/\/www.wendelgroup.com\/en\/wp-json\/wp\/v2\/media?parent=34517"}],"curies":[{"name":"wp","href":"https:\/\/api.w.org\/{rel}","templated":true}]}}